{"id":35,"date":"2017-02-15T09:36:04","date_gmt":"2017-02-15T09:36:04","guid":{"rendered":"http:\/\/valits.eu\/?page_id=35"},"modified":"2021-11-10T11:08:51","modified_gmt":"2021-11-10T11:08:51","slug":"about-partners","status":"publish","type":"page","link":"https:\/\/valits.eu\/es\/about-partners\/","title":{"rendered":"Socios"},"content":{"rendered":"<p>El consorcio est\u00e1 compuesto por cinco socios provenientes de Espa\u00f1a, Austria, Dinamarca, Polonia y Portugal que cuentan con una amplia experiencia en proyectos Erasmus + y otros proyectos relacionados con educaci\u00f3n.<\/p>\n<div style=\"background-color: #44317105;\">\n<hr \/>\n<p style=\"text-align: center;\"><strong>Coordinador del Proyecto<\/strong><\/p>\n<p><img loading=\"lazy\" decoding=\"async\" class=\"alignnone size-medium wp-image-40\" src=\"http:\/\/valits.eu\/wp-content\/uploads\/2017\/02\/st-300x58.png\" alt=\"\" width=\"300\" height=\"58\" srcset=\"https:\/\/valits.eu\/wp-content\/uploads\/2017\/02\/st-300x58.png 300w, https:\/\/valits.eu\/wp-content\/uploads\/2017\/02\/st-768x148.png 768w, https:\/\/valits.eu\/wp-content\/uploads\/2017\/02\/st-900x173.png 900w, https:\/\/valits.eu\/wp-content\/uploads\/2017\/02\/st.png 1022w\" sizes=\"auto, (max-width: 300px) 100vw, 300px\" \/><\/p>\n<p>Sea Teach S.L. una PYME espa\u00f1ola que opera como Escuela n\u00e1utica y empresa de alquiler de barcos desde el a\u00f1o 1999 en uno de los destinos tur\u00edsticos mas importantes, las Islas Balears. Tambi\u00e9n es un centro educativo para j\u00f3venes y adultos y sus cursos son atendidos por estudiantes provinientes de varios paises de la UE cuya edad es mayor a los 18 a\u00f1os. En 2016, Sea Tech tambi\u00e9n desarroll\u00f3 y aplic\u00f3 el proyecto VALITS  (Validaci\u00f3n de habilidades transversales informales de los j\u00f3venes trabajadores del sector tur\u00edstico estacional) que fue completado con \u00e9xito en 2018 a la vez que permiti\u00f3 que el Servicio de Ocupaci\u00f3n de Baleares (SOIB) implementase la Herramienta de Validaci\u00f3n VALITS en su organizaci\u00f3n. La escuela n\u00e1utica cuenta con una gran experiencia en la gesti\u00f3n e implementaci\u00f3n de proyectos y ha trabajado con todos los socios del consorcio en proyectos anteriores.<\/p>\n<p><a href=\"http:\/\/www.sea-teach.com\">www.sea-teach.com<\/a><\/p>\n<hr \/>\n<\/div>\n<p><img loading=\"lazy\" decoding=\"async\" class=\"alignnone size-medium wp-image-39\" src=\"http:\/\/valits.eu\/wp-content\/uploads\/2017\/02\/smc-300x70.jpg\" alt=\"\" width=\"300\" height=\"70\" srcset=\"https:\/\/valits.eu\/wp-content\/uploads\/2017\/02\/smc-300x70.jpg 300w, https:\/\/valits.eu\/wp-content\/uploads\/2017\/02\/smc.jpg 649w\" sizes=\"auto, (max-width: 300px) 100vw, 300px\" \/><\/p>\n<p>SMC Study and Management Center es una organizaci\u00f3n sin \u00e1nimo de lucro en la regi\u00f3n de Salzburgo en Austria. Es un centro de estudio descentralzizado y un punto de aprendizaje independiente que da acceso a varias universidades (p.e. la universidad Paris-Lodron de Salzburgo, la Universidad Linz Johannes Kepler, la Universidad a distancia Fernniversit\u00e4t en Hagen, la Universidad de ciencias aplicadas de Burgenland y la Universidad Danube-Krems). El centro tiene como objetivo  satisfacer las necesidades regionales a trav\u00e9s de la creaci\u00f3n de programas que mejoren el acceso a formaci\u00f3n y aprendizaje en regiones donde las oportunidades de formarse son escasas. Se presta especial atenci\u00f3n al desarrollo de autoaprendizaje y cursos a distancia en l\u00ednea, esquemas de &#8220;segunda oportunidad&#8221; y provisi\u00f3n universitaria de educaci\u00f3n y capacitaci\u00f3n continua. Fue fundada en 2002 con el apoyo del Fondo Social Europeo, el Ministerio Federal de Educaci\u00f3n, Ciencia y Cultura de Austria, el municipio de Saalfelden, the Land of Salzburg y la universidad de Salzburgo. Desde 2001 SMC cuenta con una gran experiencia en proyectos europeos.<\/p>\n<p><a href=\"http:\/\/www.studienzentrum.at\">www.studienzentrum.at<\/a><\/p>\n<hr \/>\n<p><img loading=\"lazy\" decoding=\"async\" class=\"alignnone wp-image-43 size-medium\" src=\"http:\/\/valits.eu\/wp-content\/uploads\/2017\/02\/logo-DANMAR-z-haslem-386_116-300x90.jpg\" width=\"300\" height=\"90\" srcset=\"https:\/\/valits.eu\/wp-content\/uploads\/2017\/02\/logo-DANMAR-z-haslem-386_116-300x90.jpg 300w, https:\/\/valits.eu\/wp-content\/uploads\/2017\/02\/logo-DANMAR-z-haslem-386_116.jpg 386w\" sizes=\"auto, (max-width: 300px) 100vw, 300px\" \/><br \/>\nDanmar Computers LLC, es una compa\u00f1\u00eda privada que opera desde el a\u00f1o 2000 en el campo de las Tecnolog\u00edas de Ia informaci\u00f3n proporcionando formaci\u00f3n profesional en este campo. Danmar cuenta con una gran experiencia en el desarrollo de Aplicaciones M\u00f3vil y Web modernas con usos educativos. Danmar tambi\u00e9n tiene experiencia en la realizaci\u00f3n de proyectos europeos en los que el personal de I + D lleva a cabo investigaciones y prepara planes formativos adaptados a las necesidades de varios alumnos. Ha implementado con \u00e9xito m\u00e1s de 90 proyectos dentro de Grundtvig, Leonardo da Vinci, Progress y recientemente Erasmus +. Adem\u00e1s de ser el socio t\u00e9cnico, en muchos de estos proyectos Danmar es responsable de dise\u00f1ar y coordinar estrategias de difusi\u00f3n. Danmar Computers es el desarrollador y proveedor de AdminProject, el sistema on-line para la gesti\u00f3n de proyectos europeos.<\/p>\n<p><a href=\"http:\/\/www.danmar-computers.com.pl\/\">www.danmar-computers.com.pl<\/a><\/p>\n<hr \/>\n<p><img loading=\"lazy\" decoding=\"async\" class=\"alignnone wp-image-832 size-medium\" src=\"http:\/\/valits.eu\/wp-content\/uploads\/2021\/02\/ludusxr-300x150.png\" alt=\"\" width=\"300\" height=\"150\" srcset=\"https:\/\/valits.eu\/wp-content\/uploads\/2021\/02\/ludusxr-300x150.png 300w, https:\/\/valits.eu\/wp-content\/uploads\/2021\/02\/ludusxr-1024x512.png 1024w, https:\/\/valits.eu\/wp-content\/uploads\/2021\/02\/ludusxr-768x384.png 768w, https:\/\/valits.eu\/wp-content\/uploads\/2021\/02\/ludusxr.png 1135w\" sizes=\"auto, (max-width: 300px) 100vw, 300px\" \/><\/p>\n<p>En LudusXR nos especializamos en el desarrollo de juegos de ordenador y herramientas digitales para el aprendizaje, la educaci\u00f3n y la formaci\u00f3n, especialmente en proyectos ERASMUS + \/ EU. Antes de establecer LudusXR, durante los \u00faltimos 10 a\u00f1os, dirigimos un departamento de TIC en el Centro de recursos para la integraci\u00f3n, en el municipio de Vejle, Dinamarca. Aqu\u00ed trabajamos como coordinadores de proyectos, socios, desarrolladores, recaudadores de fondos, departamentos de ventas y marketing y muchas otras funciones. En otras palabras, somos \u201cel paquete completo\u201d.<\/p>\n<p><a href=\"https:\/\/www.ludusxr.com\/\">www.ludusxr.com<\/a><\/p>\n<hr \/>\n<p><img loading=\"lazy\" decoding=\"async\" class=\"alignnone wp-image-599 size-medium\" src=\"http:\/\/valits.eu\/wp-content\/uploads\/2020\/05\/Clube_logo_horizontal_cores_fundo_transparente-e1589198231579-300x115.png\" alt=\"\" width=\"300\" height=\"115\" srcset=\"https:\/\/valits.eu\/wp-content\/uploads\/2020\/05\/Clube_logo_horizontal_cores_fundo_transparente-e1589198231579-300x115.png 300w, https:\/\/valits.eu\/wp-content\/uploads\/2020\/05\/Clube_logo_horizontal_cores_fundo_transparente-e1589198231579-768x293.png 768w, https:\/\/valits.eu\/wp-content\/uploads\/2020\/05\/Clube_logo_horizontal_cores_fundo_transparente-e1589198231579-1024x391.png 1024w\" sizes=\"auto, (max-width: 300px) 100vw, 300px\" \/><\/p>\n<p>Clube Intercultural Europeu es una organizaci\u00f3n sin \u00e1nimo de lucro que existe desde 1998 y opera en los \u00e1mbitos educativos, de la juventud, la formaci\u00f3n y la empleabilidad. Sus actividades reflejan valores y principios considerados por la organizaci\u00f3n como indispensables, como los derechos humanos, la interculturalidad o el respeto y la apreciaci\u00f3n de las diferencias. Clube promueve la participaci\u00f3n activa, el empoderamiento y la inclusi\u00f3n social de ni\u00f1os, j\u00f3venes y adultos en situaci\u00f3n vulnerable, estimulando el desarrollo de las competencias clave necesarias para la realizaci\u00f3n personal y la ciudadan\u00eda activa.<\/p>\n<p><a href=\"https:\/\/clubeinterculturaleuropeu.wordpress.com\">clubeinterculturaleuropeu.wordpress.com<\/a><\/p>\n<hr \/>\n<p style=\"text-align: center;\"><em>Socio de diciembre de 2019 a noviembre de 2020<\/em><\/p>\n<p><img loading=\"lazy\" decoding=\"async\" class=\"alignnone size-medium wp-image-598\" src=\"http:\/\/valits.eu\/wp-content\/uploads\/2020\/05\/VIFIN-logo-stor-300x95.png\" alt=\"\" width=\"300\" height=\"95\" srcset=\"https:\/\/valits.eu\/wp-content\/uploads\/2020\/05\/VIFIN-logo-stor-300x95.png 300w, https:\/\/valits.eu\/wp-content\/uploads\/2020\/05\/VIFIN-logo-stor-768x244.png 768w, https:\/\/valits.eu\/wp-content\/uploads\/2020\/05\/VIFIN-logo-stor.png 883w\" sizes=\"auto, (max-width: 300px) 100vw, 300px\" \/><\/p>\n<p>VIFIN es un centro de desarrollo e investigaci\u00f3n en el municipio de Vejle. VIFIN desarrolla herramientas y m\u00e9todos para ayudar al aprendizaje y la integraci\u00f3n, as\u00ed como a crear, difundir e incorporar buenas pr\u00e1cticas sobre integraci\u00f3n y desarrollo social a nivel local, regional, nacional e internacional.<br \/>\nLa autoridad municipal estableci\u00f3 el Centro de Recursos para la Integraci\u00f3n (VIFIN) en 2002 para crear una oficina que recojiera y procesase el conocimiento sobre el aprendizaje y la integraci\u00f3n de las minor\u00edas \u00e9tnicas y que tambi\u00e9n desarrollase e implementara proyectos y actividades.<br \/>\nDentro del campo de la integraci\u00f3n, la competencia central de VIFIN es el desarrollo de materiales digitales para el aprendizaje. Con los a\u00f1os, sus competencias se han expandido y hoy van m\u00e1s all\u00e1 de la integraci\u00f3n y el aprendizaje de idiomas, e incluyen el aprendizaje inteligente y la innovaci\u00f3n pedag\u00f3gica con herramientas digitales en general. Tambi\u00e9n trabajan en proyectos y actividades sobre ciudades inteligente, resiliencia y sostenibilidad.<br \/>\nVIFIN obtiene su financiaci\u00f3n para proyectos y actividades de la Uni\u00f3n Europea, los ministerios daneses y de actividades generadoras de ingresos. VIFIN se basa en una combinaci\u00f3n de centro de recursos, organizaci\u00f3n de proyectos y agencia de consultor\u00eda.<br \/>\nEn la estructura organizativa del municipio de Vejle, VIFIN se encuentra bajo el Departamento de Educaci\u00f3n y Aprendizaje.<\/p>\n<p><a href=\"http:\/\/www.vifin.dk\">www.vifin.dk<\/a><\/p>","protected":false},"excerpt":{"rendered":"<p>El consorcio est\u00e1 compuesto por cinco socios provenientes de Espa\u00f1a, Austria, Dinamarca, Polonia y Portugal que cuentan con una amplia experiencia en proyectos Erasmus + y otros proyectos relacionados con educaci\u00f3n. Coordinador del Proyecto Sea Teach S.L. una PYME espa\u00f1ola que opera como Escuela n\u00e1utica y empresa de alquiler de barcos desde el a\u00f1o 1999 [&hellip;]<\/p>\n","protected":false},"author":1,"featured_media":0,"parent":0,"menu_order":0,"comment_status":"closed","ping_status":"closed","template":"","meta":{"footnotes":""},"class_list":["post-35","page","type-page","status-publish","hentry"],"_links":{"self":[{"href":"https:\/\/valits.eu\/es\/wp-json\/wp\/v2\/pages\/35","targetHints":{"allow":["GET"]}}],"collection":[{"href":"https:\/\/valits.eu\/es\/wp-json\/wp\/v2\/pages"}],"about":[{"href":"https:\/\/valits.eu\/es\/wp-json\/wp\/v2\/types\/page"}],"author":[{"embeddable":true,"href":"https:\/\/valits.eu\/es\/wp-json\/wp\/v2\/users\/1"}],"replies":[{"embeddable":true,"href":"https:\/\/valits.eu\/es\/wp-json\/wp\/v2\/comments?post=35"}],"version-history":[{"count":29,"href":"https:\/\/valits.eu\/es\/wp-json\/wp\/v2\/pages\/35\/revisions"}],"predecessor-version":[{"id":911,"href":"https:\/\/valits.eu\/es\/wp-json\/wp\/v2\/pages\/35\/revisions\/911"}],"wp:attachment":[{"href":"https:\/\/valits.eu\/es\/wp-json\/wp\/v2\/media?parent=35"}],"curies":[{"name":"wp","href":"https:\/\/api.w.org\/{rel}","templated":true}]}}